{"id":8828,"date":"2019-11-25T13:40:03","date_gmt":"2019-11-25T12:40:03","guid":{"rendered":"http:\/\/new.artisanscreateurs.com\/?post_type=product&#038;p=8828"},"modified":"2024-06-09T21:15:36","modified_gmt":"2024-06-09T19:15:36","slug":"suspension-lumineuse-chateau-ferriere-osier-naturel-couleur-moka","status":"publish","type":"product","link":"https:\/\/collection.artisanscreateurs.com\/en\/produit\/suspension-lumineuse-chateau-ferriere-osier-naturel-couleur-moka\/","title":{"rendered":"CHATEAU FERRIERE"},"content":{"rendered":"<p>Wicker is a very strong natural material issued from different varieties of willows whose young sprouts are cut yearly, in winter.<\/p>\n<p>Everything necessary to hang the lamp to the ceiling is supplied.<\/p>","protected":false},"excerpt":{"rendered":"<p>The wicker hanging lamp Ch\u00e2teau Ferri\u00e8re will give an authentic touch to your decoration due its geometric shape and its natural material, strong and simple. You can have only one pendant light or make combinations to create a warm atmosphere. The abat-jour shape was designed by Fabien P\u00e9delaborde, the Bordeaux architect of Ch\u00e2teau Ferri\u00e8re wine store. The hanging lamp took the name of Margaux vineyard, in Gironde, owned by Claire Villars-Lurton.<\/p>\n<p>Ch\u00e2teau Ferri\u00e8re exists in four sizes and the smallest one is proposed in three different colours (white wicker, patinated white wicker and mocha coloured wicker).<\/p>\n<p>Fran\u00e7ois Desplanches works exclusively with raw wickers. The soaking time can last a few days or a few weeks, so the delivery time of Ch\u00e2teau Ferri\u00e8re can take two or three months.<\/p>\n","protected":false},"featured_media":8821,"template":"","meta":[],"product_cat":[135,136],"product_tag":[143],"_links":{"self":[{"href":"https:\/\/collection.artisanscreateurs.com\/en\/wp-json\/wp\/v2\/product\/8828"}],"collection":[{"href":"https:\/\/collection.artisanscreateurs.com\/en\/wp-json\/wp\/v2\/product"}],"about":[{"href":"https:\/\/collection.artisanscreateurs.com\/en\/wp-json\/wp\/v2\/types\/product"}],"wp:featuredmedia":[{"embeddable":true,"href":"https:\/\/collection.artisanscreateurs.com\/en\/wp-json\/wp\/v2\/media\/8821"}],"wp:attachment":[{"href":"https:\/\/collection.artisanscreateurs.com\/en\/wp-json\/wp\/v2\/media?parent=8828"}],"wp:term":[{"taxonomy":"product_cat","embeddable":true,"href":"https:\/\/collection.artisanscreateurs.com\/en\/wp-json\/wp\/v2\/product_cat?post=8828"},{"taxonomy":"product_tag","embeddable":true,"href":"https:\/\/collection.artisanscreateurs.com\/en\/wp-json\/wp\/v2\/product_tag?post=8828"}],"curies":[{"name":"wp","href":"https:\/\/api.w.org\/{rel}","templated":true}]}}