{"id":8756,"date":"2019-11-19T21:31:24","date_gmt":"2019-11-19T20:31:24","guid":{"rendered":"http:\/\/new.artisanscreateurs.com\/?post_type=product&#038;p=8756"},"modified":"2024-06-09T20:55:42","modified_gmt":"2024-06-09T18:55:42","slug":"photographie-d-art-figues-serie-limitee","status":"publish","type":"product","link":"https:\/\/collection.artisanscreateurs.com\/en\/produit\/photographie-d-art-figues-serie-limitee\/","title":{"rendered":"FIGUES"},"content":{"rendered":"","protected":false},"excerpt":{"rendered":"<p>Au cours des reportages r\u00e9alis\u00e9s avec Artisans Cr\u00e9ateurs, ce fut l\u2019occasion pour Masaki Okumura de p\u00e9n\u00e9trer dans les coulisses de la cr\u00e9ation artistique et de r\u00e9aliser des photographies nature morte.<br \/>\nFIGUES, a \u00e9t\u00e9 cr\u00e9\u00e9e sous l\u2019objectif de Masaki Okumura en Dordogne dans l\u2019atelier de l\u2019artiste Fran\u00e7ois Desplanches. Quelques figues cueillies dans le jardin du vannier ont \u00e9t\u00e9 ainsi photographi\u00e9es dispos\u00e9es sur son \u00e9tabli dont la patine s&#8217;accorde avec leurs couleurs et leur texture.<br \/>\nLa photographie FIGUES est propos\u00e9e dans 3 types d\u2019encadrements et dans plusieurs formats.<br \/>\nChacune des photographies est num\u00e9rot\u00e9e, dat\u00e9e et sign\u00e9e par le photographe Masaki Okumura.<\/p>\n<p>Edition limit\u00e9e \u00e0 20 exemplaires.<\/p>\n<p>D\u00e9lai de livraison approximatif\u00a0: 3 semaines<\/p>\n","protected":false},"featured_media":8793,"template":"","meta":[],"product_cat":[112,138],"product_tag":[114],"_links":{"self":[{"href":"https:\/\/collection.artisanscreateurs.com\/en\/wp-json\/wp\/v2\/product\/8756"}],"collection":[{"href":"https:\/\/collection.artisanscreateurs.com\/en\/wp-json\/wp\/v2\/product"}],"about":[{"href":"https:\/\/collection.artisanscreateurs.com\/en\/wp-json\/wp\/v2\/types\/product"}],"wp:featuredmedia":[{"embeddable":true,"href":"https:\/\/collection.artisanscreateurs.com\/en\/wp-json\/wp\/v2\/media\/8793"}],"wp:attachment":[{"href":"https:\/\/collection.artisanscreateurs.com\/en\/wp-json\/wp\/v2\/media?parent=8756"}],"wp:term":[{"taxonomy":"product_cat","embeddable":true,"href":"https:\/\/collection.artisanscreateurs.com\/en\/wp-json\/wp\/v2\/product_cat?post=8756"},{"taxonomy":"product_tag","embeddable":true,"href":"https:\/\/collection.artisanscreateurs.com\/en\/wp-json\/wp\/v2\/product_tag?post=8756"}],"curies":[{"name":"wp","href":"https:\/\/api.w.org\/{rel}","templated":true}]}}