{"id":8745,"date":"2019-11-19T21:28:26","date_gmt":"2019-11-19T20:28:26","guid":{"rendered":"http:\/\/new.artisanscreateurs.com\/?post_type=product&#038;p=8745"},"modified":"2024-06-09T20:55:48","modified_gmt":"2024-06-09T18:55:48","slug":"photographie-d-art-outils-du-vannier-serie-limitee","status":"publish","type":"product","link":"https:\/\/collection.artisanscreateurs.com\/en\/produit\/photographie-d-art-outils-du-vannier-serie-limitee\/","title":{"rendered":"OUTILS DU VANNIER"},"content":{"rendered":"","protected":false},"excerpt":{"rendered":"<p>Au cours des reportages r\u00e9alis\u00e9s avec Artisans Cr\u00e9ateurs, ce fut l\u2019occasion pour Masaki Okumura de p\u00e9n\u00e9trer dans les coulisses de la cr\u00e9ation artistique.<br \/>\nUn atelier est un lieu de myst\u00e8re o\u00f9 se r\u00e9v\u00e8lent non seulement l\u2019univers de l\u2019artiste mais \u00e9galement ses inspirations et ses influences.<br \/>\nMasaki Okumura a r\u00e9alis\u00e9 une s\u00e9rie de photos dans l\u2019atelier de vannerie de l\u2019artiste Fran\u00e7ois Desplanches.<br \/>\nPassionn\u00e9 Fran\u00e7ois Desplanches donne vie \u00e0 la mati\u00e8re et ce qu\u2019il aime avant tout c\u2019est que la forme obtenue soit belle.<br \/>\nDans son atelier, on entend le bruit des brins d\u2019osier qui se frottent entre eux et celui du peu d\u2019outils qui accompagnent ses mains agiles. C\u2019est alors que de quelques brins de fibres naturelles, et avec beaucoup de patience et de savoir-faire, l\u2019artiste fait na\u00eetre entre ses doigts, avec rythme, des objets aux formes harmonieuses et \u00e9l\u00e9gantes.<br \/>\nLa photographie OUTILS DU VANNIER est propos\u00e9e dans 3 types d\u2019encadrements et dans plusieurs formats.<br \/>\nChacune des photographies est num\u00e9rot\u00e9e, dat\u00e9e et sign\u00e9e par le photographe Masaki Okumura.<\/p>\n<p>Edition limit\u00e9e \u00e0 20 exemplaires.<\/p>\n<p>D\u00e9lai de livraison approximatif\u00a0: 3 semaines<\/p>\n","protected":false},"featured_media":8802,"template":"","meta":[],"product_cat":[112,138],"product_tag":[114],"_links":{"self":[{"href":"https:\/\/collection.artisanscreateurs.com\/en\/wp-json\/wp\/v2\/product\/8745"}],"collection":[{"href":"https:\/\/collection.artisanscreateurs.com\/en\/wp-json\/wp\/v2\/product"}],"about":[{"href":"https:\/\/collection.artisanscreateurs.com\/en\/wp-json\/wp\/v2\/types\/product"}],"wp:featuredmedia":[{"embeddable":true,"href":"https:\/\/collection.artisanscreateurs.com\/en\/wp-json\/wp\/v2\/media\/8802"}],"wp:attachment":[{"href":"https:\/\/collection.artisanscreateurs.com\/en\/wp-json\/wp\/v2\/media?parent=8745"}],"wp:term":[{"taxonomy":"product_cat","embeddable":true,"href":"https:\/\/collection.artisanscreateurs.com\/en\/wp-json\/wp\/v2\/product_cat?post=8745"},{"taxonomy":"product_tag","embeddable":true,"href":"https:\/\/collection.artisanscreateurs.com\/en\/wp-json\/wp\/v2\/product_tag?post=8745"}],"curies":[{"name":"wp","href":"https:\/\/api.w.org\/{rel}","templated":true}]}}