{"id":8734,"date":"2019-11-19T21:25:02","date_gmt":"2019-11-19T20:25:02","guid":{"rendered":"http:\/\/new.artisanscreateurs.com\/?post_type=product&#038;p=8734"},"modified":"2024-06-09T20:55:54","modified_gmt":"2024-06-09T18:55:54","slug":"photographie-d-art-atmosphere-d-atelier-serie-limitee","status":"publish","type":"product","link":"https:\/\/collection.artisanscreateurs.com\/en\/produit\/photographie-d-art-atmosphere-d-atelier-serie-limitee\/","title":{"rendered":"ATMOSPHERE D&#8217;ATELIER"},"content":{"rendered":"","protected":false},"excerpt":{"rendered":"<p>Au cours des reportages r\u00e9alis\u00e9s avec Artisans Cr\u00e9ateurs, ce fut l\u2019occasion pour Masaki Okumura de p\u00e9n\u00e9trer dans les coulisses de la cr\u00e9ation artistique.<br \/>\nUn atelier est un lieu de myst\u00e8re o\u00f9 se r\u00e9v\u00e8lent non seulement l\u2019univers de l\u2019artiste mais \u00e9galement ses inspirations et ses influences.<br \/>\nMasaki Okumura a r\u00e9alis\u00e9 une s\u00e9rie de photos dans l\u2019atelier de vannerie de l\u2019artiste Fran\u00e7ois Desplanches.<br \/>\nEntour\u00e9 de mat\u00e9riaux naturels, l\u2019artiste vannier Fran\u00e7ois Desplanches d\u00e9marre entre ses doigts une valse de brins d\u2019osier. Ces brins de fibre naturelle se courbent et se plient avec des gestes organis\u00e9s, r\u00e9p\u00e9t\u00e9s et pr\u00e9cis. Un travail artisanal, mettant en \u0153uvre les techniques sp\u00e9cifiques \u00e0 la vannerie.<br \/>\nLa photographie ATMOSPHERE D\u2019ATELIER est propos\u00e9e dans 3 types d\u2019encadrements et dans plusieurs formats.<br \/>\nChacune des photographies est num\u00e9rot\u00e9e, dat\u00e9e et sign\u00e9e par le photographe Masaki Okumura.<\/p>\n<p>Edition limit\u00e9e \u00e0 20 exemplaires.<\/p>\n<p>D\u00e9lai de livraison approximatif\u00a0: 3 semaines<\/p>\n","protected":false},"featured_media":8807,"template":"","meta":[],"product_cat":[112,138],"product_tag":[114],"_links":{"self":[{"href":"https:\/\/collection.artisanscreateurs.com\/en\/wp-json\/wp\/v2\/product\/8734"}],"collection":[{"href":"https:\/\/collection.artisanscreateurs.com\/en\/wp-json\/wp\/v2\/product"}],"about":[{"href":"https:\/\/collection.artisanscreateurs.com\/en\/wp-json\/wp\/v2\/types\/product"}],"wp:featuredmedia":[{"embeddable":true,"href":"https:\/\/collection.artisanscreateurs.com\/en\/wp-json\/wp\/v2\/media\/8807"}],"wp:attachment":[{"href":"https:\/\/collection.artisanscreateurs.com\/en\/wp-json\/wp\/v2\/media?parent=8734"}],"wp:term":[{"taxonomy":"product_cat","embeddable":true,"href":"https:\/\/collection.artisanscreateurs.com\/en\/wp-json\/wp\/v2\/product_cat?post=8734"},{"taxonomy":"product_tag","embeddable":true,"href":"https:\/\/collection.artisanscreateurs.com\/en\/wp-json\/wp\/v2\/product_tag?post=8734"}],"curies":[{"name":"wp","href":"https:\/\/api.w.org\/{rel}","templated":true}]}}