{"id":8701,"date":"2019-11-19T20:19:07","date_gmt":"2019-11-19T19:19:07","guid":{"rendered":"http:\/\/new.artisanscreateurs.com\/?post_type=product&#038;p=8701"},"modified":"2024-06-09T20:56:04","modified_gmt":"2024-06-09T18:56:04","slug":"photographie-d-art-ambiance-vannerie-serie-limitee","status":"publish","type":"product","link":"https:\/\/collection.artisanscreateurs.com\/en\/produit\/photographie-d-art-ambiance-vannerie-serie-limitee\/","title":{"rendered":"AMBIANCE VANNERIE"},"content":{"rendered":"","protected":false},"excerpt":{"rendered":"<p>Au cours des reportages r\u00e9alis\u00e9s avec Artisans Cr\u00e9ateurs, ce fut l\u2019occasion pour Masaki Okumura de p\u00e9n\u00e9trer dans les coulisses de la cr\u00e9ation artistique.<br \/>\nUn atelier est un lieu de myst\u00e8re o\u00f9 se r\u00e9v\u00e8lent non seulement l\u2019univers de l\u2019artiste mais \u00e9galement ses inspirations et ses influences.<br \/>\nMasaki Okumura a r\u00e9alis\u00e9 une s\u00e9rie de photos dans l\u2019atelier de vannerie de l\u2019artiste Fran\u00e7ois Desplanches en Dordogne. La photographie Ambiance Vannerie en fait partie.<br \/>\nLes rayons du soleil entrent dans la pi\u00e8ce et les gabarits en bois servant \u00e0 la fabrication de pi\u00e8ces en osier prennent vie. Une ambiance chaleureuse et naturelle. Dans cet atelier, dissimul\u00e9 dans ce qui pourrait \u00eatre une petite grange, se niche un concentr\u00e9 de caract\u00e8re \u00e0 l\u2019image de son propri\u00e9taire.<br \/>\nLa photographie AMBIANCE VANNERIE est propos\u00e9e dans 3 types d\u2019encadrements et dans plusieurs formats.<br \/>\nChacune des photographies est num\u00e9rot\u00e9e, dat\u00e9e et sign\u00e9e par le photographe Masaki Okumura.<\/p>\n<p>Edition limit\u00e9e \u00e0 20 exemplaires.<\/p>\n<p>D\u00e9lai de livraison approximatif\u00a0: 3 semaines<\/p>\n","protected":false},"featured_media":8789,"template":"","meta":[],"product_cat":[112,138],"product_tag":[114],"_links":{"self":[{"href":"https:\/\/collection.artisanscreateurs.com\/en\/wp-json\/wp\/v2\/product\/8701"}],"collection":[{"href":"https:\/\/collection.artisanscreateurs.com\/en\/wp-json\/wp\/v2\/product"}],"about":[{"href":"https:\/\/collection.artisanscreateurs.com\/en\/wp-json\/wp\/v2\/types\/product"}],"wp:featuredmedia":[{"embeddable":true,"href":"https:\/\/collection.artisanscreateurs.com\/en\/wp-json\/wp\/v2\/media\/8789"}],"wp:attachment":[{"href":"https:\/\/collection.artisanscreateurs.com\/en\/wp-json\/wp\/v2\/media?parent=8701"}],"wp:term":[{"taxonomy":"product_cat","embeddable":true,"href":"https:\/\/collection.artisanscreateurs.com\/en\/wp-json\/wp\/v2\/product_cat?post=8701"},{"taxonomy":"product_tag","embeddable":true,"href":"https:\/\/collection.artisanscreateurs.com\/en\/wp-json\/wp\/v2\/product_tag?post=8701"}],"curies":[{"name":"wp","href":"https:\/\/api.w.org\/{rel}","templated":true}]}}