{"id":8690,"date":"2019-11-19T20:13:34","date_gmt":"2019-11-19T19:13:34","guid":{"rendered":"http:\/\/new.artisanscreateurs.com\/?post_type=product&#038;p=8690"},"modified":"2024-06-09T20:56:11","modified_gmt":"2024-06-09T18:56:11","slug":"photographie-d-art-oseraie-serie-limitee","status":"publish","type":"product","link":"https:\/\/collection.artisanscreateurs.com\/en\/produit\/photographie-d-art-oseraie-serie-limitee\/","title":{"rendered":"OSERAIE"},"content":{"rendered":"","protected":false},"excerpt":{"rendered":"<p>Au cours des reportages r\u00e9alis\u00e9s avec Artisans Cr\u00e9ateurs, ce fut l\u2019occasion pour Masaki Okumura de p\u00e9n\u00e9trer dans les coulisses de la cr\u00e9ation artistique.<br \/>\nUn atelier est un lieu de myst\u00e8re o\u00f9 se r\u00e9v\u00e8lent non seulement l\u2019univers de l\u2019artiste mais \u00e9galement ses inspirations et ses influences.<br \/>\nMasaki Okumura a r\u00e9alis\u00e9 une s\u00e9rie de photos dans l\u2019atelier de vannerie de l\u2019artiste Fran\u00e7ois Desplanches.<br \/>\nFran\u00e7ois Desplanches fait partie des rares vanniers qui en France cultivent leur osier. Il cultive et produit enti\u00e8rement manuellement une dizaine de vari\u00e9t\u00e9s d\u2019osiers en son lieu d\u2019habitation en Dordogne. \u00ab Un des attraits du m\u00e9tier de vannier est la possibilit\u00e9 rare qu\u2019il offre de pouvoir appr\u00e9hender l\u2019ensemble des \u00e9tapes d\u2019un cycle de production. Il s\u2019\u00e9tablit au stade de la fabrication une relation particuli\u00e8re et ind\u00e9finissable avec ce v\u00e9g\u00e9tal que l\u2019on a cultiv\u00e9 et appr\u00eat\u00e9 \u00bb.<br \/>\nLa photographie OSERAIE est propos\u00e9e dans 3 types d\u2019encadrements et dans plusieurs formats.<br \/>\nChacune des photographies est num\u00e9rot\u00e9e, dat\u00e9e et sign\u00e9e par le photographe Masaki Okumura.<\/p>\n<p>Edition limit\u00e9e \u00e0 20 exemplaires.<\/p>\n<p>D\u00e9lai de livraison approximatif\u00a0: 3 semaines<\/p>\n","protected":false},"featured_media":8805,"template":"","meta":[],"product_cat":[112,138],"product_tag":[114],"_links":{"self":[{"href":"https:\/\/collection.artisanscreateurs.com\/en\/wp-json\/wp\/v2\/product\/8690"}],"collection":[{"href":"https:\/\/collection.artisanscreateurs.com\/en\/wp-json\/wp\/v2\/product"}],"about":[{"href":"https:\/\/collection.artisanscreateurs.com\/en\/wp-json\/wp\/v2\/types\/product"}],"wp:featuredmedia":[{"embeddable":true,"href":"https:\/\/collection.artisanscreateurs.com\/en\/wp-json\/wp\/v2\/media\/8805"}],"wp:attachment":[{"href":"https:\/\/collection.artisanscreateurs.com\/en\/wp-json\/wp\/v2\/media?parent=8690"}],"wp:term":[{"taxonomy":"product_cat","embeddable":true,"href":"https:\/\/collection.artisanscreateurs.com\/en\/wp-json\/wp\/v2\/product_cat?post=8690"},{"taxonomy":"product_tag","embeddable":true,"href":"https:\/\/collection.artisanscreateurs.com\/en\/wp-json\/wp\/v2\/product_tag?post=8690"}],"curies":[{"name":"wp","href":"https:\/\/api.w.org\/{rel}","templated":true}]}}