{"id":8667,"date":"2019-11-19T19:49:32","date_gmt":"2019-11-19T18:49:32","guid":{"rendered":"http:\/\/new.artisanscreateurs.com\/?post_type=product&#038;p=8667"},"modified":"2024-06-09T20:56:33","modified_gmt":"2024-06-09T18:56:33","slug":"photographie-d-art-tarlatane-serie-limitee","status":"publish","type":"product","link":"https:\/\/collection.artisanscreateurs.com\/en\/produit\/photographie-d-art-tarlatane-serie-limitee\/","title":{"rendered":"TARLATANE"},"content":{"rendered":"","protected":false},"excerpt":{"rendered":"<p>Au cours des reportages r\u00e9alis\u00e9s avec Artisans Cr\u00e9ateurs, ce fut l\u2019occasion pour Masaki Okumura de p\u00e9n\u00e9trer dans les coulisses de la cr\u00e9ation artistique.<br \/>\nMasaki Okumura a cr\u00e9\u00e9 une s\u00e9rie de photographies dans l\u2019atelier de gravure de l\u2019artiste Annie Bocel.<br \/>\nLa tarlatane est une toile de coton qui ressemble \u00e0 du tulle en plus souple. Lors de la cr\u00e9ation d\u2019une estampe, l\u2019artiste graveur Annie Bocel frotte la tarlatane autour d\u2019une barre d\u2019acier pour l\u2019assouplir et s\u2019en sert \u00e0 l\u2019essuyage de la plaque de cuivre pour appliquer l\u2019encre. Une encre \u00e9paisse qui p\u00e9n\u00e9trera parfaitement dans les creux de la plaque.<br \/>\nLa photographie TARLATANE est disponible dans 3 types d\u2019encadrements et dans plusieurs formats.<br \/>\nChacune des photographies est num\u00e9rot\u00e9e, dat\u00e9e et sign\u00e9e par le photographe Masaki Okumura.<\/p>\n<p>Edition limit\u00e9e \u00e0 20 exemplaires.<\/p>\n<p>D\u00e9lai de livraison approximatif\u00a0: 3 semaines<\/p>\n","protected":false},"featured_media":8799,"template":"","meta":[],"product_cat":[112,138],"product_tag":[114],"_links":{"self":[{"href":"https:\/\/collection.artisanscreateurs.com\/en\/wp-json\/wp\/v2\/product\/8667"}],"collection":[{"href":"https:\/\/collection.artisanscreateurs.com\/en\/wp-json\/wp\/v2\/product"}],"about":[{"href":"https:\/\/collection.artisanscreateurs.com\/en\/wp-json\/wp\/v2\/types\/product"}],"wp:featuredmedia":[{"embeddable":true,"href":"https:\/\/collection.artisanscreateurs.com\/en\/wp-json\/wp\/v2\/media\/8799"}],"wp:attachment":[{"href":"https:\/\/collection.artisanscreateurs.com\/en\/wp-json\/wp\/v2\/media?parent=8667"}],"wp:term":[{"taxonomy":"product_cat","embeddable":true,"href":"https:\/\/collection.artisanscreateurs.com\/en\/wp-json\/wp\/v2\/product_cat?post=8667"},{"taxonomy":"product_tag","embeddable":true,"href":"https:\/\/collection.artisanscreateurs.com\/en\/wp-json\/wp\/v2\/product_tag?post=8667"}],"curies":[{"name":"wp","href":"https:\/\/api.w.org\/{rel}","templated":true}]}}