{"id":8656,"date":"2019-11-19T19:49:19","date_gmt":"2019-11-19T18:49:19","guid":{"rendered":"http:\/\/new.artisanscreateurs.com\/?post_type=product&#038;p=8656"},"modified":"2024-06-09T20:56:41","modified_gmt":"2024-06-09T18:56:41","slug":"photographie-d-art-presse-a-gravure-serie-limitee","status":"publish","type":"product","link":"https:\/\/collection.artisanscreateurs.com\/en\/produit\/photographie-d-art-presse-a-gravure-serie-limitee\/","title":{"rendered":"PRESSE A GRAVURE"},"content":{"rendered":"","protected":false},"excerpt":{"rendered":"<p>Au cours des reportages r\u00e9alis\u00e9s avec Artisans Cr\u00e9ateurs, ce fut l\u2019occasion pour Masaki Okumura de p\u00e9n\u00e9trer dans les coulisses de la cr\u00e9ation artistique.<br \/>\nUn atelier est un lieu de myst\u00e8re o\u00f9 se r\u00e9v\u00e8lent non seulement l\u2019univers de l\u2019artiste mais \u00e9galement ses inspirations et ses influences.<br \/>\nMasaki Okumura a r\u00e9alis\u00e9 une s\u00e9rie de photographies dans l\u2019atelier de gravure de l\u2019artiste Annie Bocel.<br \/>\nPRESSE A GRAVURE est une photographie d\u2019une partie de la presse install\u00e9e dans l\u2019atelier de l\u2019artiste graveur Annie Bocel. Apr\u00e8s avoir mis en place la plaque de cuivre, le papier humidifi\u00e9 et le lange, la presse est manipul\u00e9e \u00e0 la main. Annie Bocel actionne la grande roue, le plateau se d\u00e9place et la plaque de cuivre passe sous le cylindre sup\u00e9rieur. Une forte pression s\u2019exerce alors sur le lange incitant le papier \u00e0 aller chercher l\u2019encre au fond des tailles. Les tailles \u00e9tant les sillons r\u00e9alis\u00e9s dans le cuivre pour former une image. Il ne peut il y avoir qu\u2019un seul passage sous presse pour chaque impression. Cette technique artisanale demande beaucoup de temps et de pr\u00e9cision. Le r\u00e9sultat est unique.<br \/>\nLa photographie PRESSE A GRAVURE est disponible dans 3 types d\u2019encadrements et dans plusieurs formats.<br \/>\nChacune des photographies est num\u00e9rot\u00e9e, dat\u00e9e et sign\u00e9e par le photographe Masaki Okumura.<\/p>\n<p>Edition limit\u00e9e \u00e0 20 exemplaires.<\/p>\n<p>D\u00e9lai de livraison approximatif\u00a0: 3 semaines<\/p>\n","protected":false},"featured_media":8804,"template":"","meta":[],"product_cat":[112,138],"product_tag":[114],"_links":{"self":[{"href":"https:\/\/collection.artisanscreateurs.com\/en\/wp-json\/wp\/v2\/product\/8656"}],"collection":[{"href":"https:\/\/collection.artisanscreateurs.com\/en\/wp-json\/wp\/v2\/product"}],"about":[{"href":"https:\/\/collection.artisanscreateurs.com\/en\/wp-json\/wp\/v2\/types\/product"}],"wp:featuredmedia":[{"embeddable":true,"href":"https:\/\/collection.artisanscreateurs.com\/en\/wp-json\/wp\/v2\/media\/8804"}],"wp:attachment":[{"href":"https:\/\/collection.artisanscreateurs.com\/en\/wp-json\/wp\/v2\/media?parent=8656"}],"wp:term":[{"taxonomy":"product_cat","embeddable":true,"href":"https:\/\/collection.artisanscreateurs.com\/en\/wp-json\/wp\/v2\/product_cat?post=8656"},{"taxonomy":"product_tag","embeddable":true,"href":"https:\/\/collection.artisanscreateurs.com\/en\/wp-json\/wp\/v2\/product_tag?post=8656"}],"curies":[{"name":"wp","href":"https:\/\/api.w.org\/{rel}","templated":true}]}}