{"id":8645,"date":"2019-11-19T19:48:43","date_gmt":"2019-11-19T18:48:43","guid":{"rendered":"http:\/\/new.artisanscreateurs.com\/?post_type=product&#038;p=8645"},"modified":"2024-06-09T20:56:48","modified_gmt":"2024-06-09T18:56:48","slug":"photographie-d-art-outils-ferronnier-d-art-serie-limitee","status":"publish","type":"product","link":"https:\/\/collection.artisanscreateurs.com\/en\/produit\/photographie-d-art-outils-ferronnier-d-art-serie-limitee\/","title":{"rendered":"OUTILS FERRONNIER D\u2019ART"},"content":{"rendered":"","protected":false},"excerpt":{"rendered":"<p>Au cours des reportages r\u00e9alis\u00e9s avec Artisans Cr\u00e9ateurs, ce fut l\u2019occasion pour Masaki Okumura de p\u00e9n\u00e9trer dans les coulisses de la cr\u00e9ation artistique.<br \/>\nUn atelier est un lieu de myst\u00e8re o\u00f9 se r\u00e9v\u00e8lent non seulement l\u2019univers de l\u2019artiste mais \u00e9galement ses inspirations et ses influences.<br \/>\nMasaki Okumura a cr\u00e9\u00e9 une s\u00e9rie de photos dans l\u2019atelier de ferronnerie d\u2019art de l\u2019artiste Bruce Cecere.<br \/>\nOUTILS FERRONNIER D&#8217;ART est une photographie de quelques outils utilis\u00e9s par l\u2019artiste ferronnier qui lors de la cr\u00e9ation d\u2019objets recherche la perfection des volutes et des courbes. Garant d\u2019un savoir-faire ancestral et habile de ses mains, il fa\u00e7onne des objets chauff\u00e9s \u00e0 la forge ou au chalumeau.<br \/>\nLa photographie OUTILS FERRONNIER D&#8217;ART est propos\u00e9e dans 3 types d\u2019encadrements et dans plusieurs formats.<br \/>\nChacune des photographies est num\u00e9rot\u00e9e, dat\u00e9e et sign\u00e9e par le photographe Masaki Okumura.<\/p>\n<p>Edition limit\u00e9e \u00e0 20 exemplaires.<\/p>\n<p>D\u00e9lai de livraison approximatif\u00a0: 3 semaines<\/p>\n","protected":false},"featured_media":8563,"template":"","meta":[],"product_cat":[112,138],"product_tag":[114],"_links":{"self":[{"href":"https:\/\/collection.artisanscreateurs.com\/en\/wp-json\/wp\/v2\/product\/8645"}],"collection":[{"href":"https:\/\/collection.artisanscreateurs.com\/en\/wp-json\/wp\/v2\/product"}],"about":[{"href":"https:\/\/collection.artisanscreateurs.com\/en\/wp-json\/wp\/v2\/types\/product"}],"wp:featuredmedia":[{"embeddable":true,"href":"https:\/\/collection.artisanscreateurs.com\/en\/wp-json\/wp\/v2\/media\/8563"}],"wp:attachment":[{"href":"https:\/\/collection.artisanscreateurs.com\/en\/wp-json\/wp\/v2\/media?parent=8645"}],"wp:term":[{"taxonomy":"product_cat","embeddable":true,"href":"https:\/\/collection.artisanscreateurs.com\/en\/wp-json\/wp\/v2\/product_cat?post=8645"},{"taxonomy":"product_tag","embeddable":true,"href":"https:\/\/collection.artisanscreateurs.com\/en\/wp-json\/wp\/v2\/product_tag?post=8645"}],"curies":[{"name":"wp","href":"https:\/\/api.w.org\/{rel}","templated":true}]}}