{"id":8562,"date":"2019-02-09T17:55:03","date_gmt":"2019-02-09T16:55:03","guid":{"rendered":"http:\/\/new.artisanscreateurs.com\/?post_type=product&#038;p=8562"},"modified":"2024-06-09T20:57:22","modified_gmt":"2024-06-09T18:57:22","slug":"photographie-d-art-presse-a-taille-douce-serie-limitee","status":"publish","type":"product","link":"https:\/\/collection.artisanscreateurs.com\/en\/produit\/photographie-d-art-presse-a-taille-douce-serie-limitee\/","title":{"rendered":"PRESSE A TAILLE DOUCE"},"content":{"rendered":"","protected":false},"excerpt":{"rendered":"<p>Au cours des reportages r\u00e9alis\u00e9s avec Artisans Cr\u00e9ateurs, ce fut l\u2019occasion pour Masaki Okumura de p\u00e9n\u00e9trer dans les coulisses de la cr\u00e9ation artistique.<br \/>\nUn atelier est un lieu de myst\u00e8re o\u00f9 se r\u00e9v\u00e8lent non seulement l\u2019univers de l\u2019artiste mais \u00e9galement ses inspirations et ses influences.<br \/>\nMasaki Okumura a r\u00e9alis\u00e9 une s\u00e9rie de photographies dans l\u2019atelier de gravure de l\u2019artiste Annie Bocel.<br \/>\nPRESSE A TAILLE DOUCE, une machine qui s\u2019impose par sa robustesse.<br \/>\nLa presse est constitu\u00e9e de deux cylindres entres lesquels l\u2019artiste graveur fait passer une plaque de cuivre et du papier sous une forte pression. Apr\u00e8s le passage sous la presse, l\u2019encre se d\u00e9pose sur le papier et le dessin apparait. A chaque tirage des nuances diff\u00e9rentes apparaissent, ce qui fait qu\u2019aucun tirage n\u2019est identique et chaque estampe est unique.<br \/>\nLa photographie PRESSE A TAILLE DOUCE est disponible dans 3 types d\u2019encadrements et dans plusieurs formats.<br \/>\nChacune des photographies est num\u00e9rot\u00e9e, dat\u00e9e et sign\u00e9e par le photographe Masaki Okumura.<\/p>\n<p>Edition limit\u00e9e \u00e0 20 exemplaires.<\/p>\n<p>D\u00e9lai de livraison approximatif\u00a0: 3 semaines<\/p>\n","protected":false},"featured_media":8798,"template":"","meta":[],"product_cat":[112,138],"product_tag":[114],"_links":{"self":[{"href":"https:\/\/collection.artisanscreateurs.com\/en\/wp-json\/wp\/v2\/product\/8562"}],"collection":[{"href":"https:\/\/collection.artisanscreateurs.com\/en\/wp-json\/wp\/v2\/product"}],"about":[{"href":"https:\/\/collection.artisanscreateurs.com\/en\/wp-json\/wp\/v2\/types\/product"}],"wp:featuredmedia":[{"embeddable":true,"href":"https:\/\/collection.artisanscreateurs.com\/en\/wp-json\/wp\/v2\/media\/8798"}],"wp:attachment":[{"href":"https:\/\/collection.artisanscreateurs.com\/en\/wp-json\/wp\/v2\/media?parent=8562"}],"wp:term":[{"taxonomy":"product_cat","embeddable":true,"href":"https:\/\/collection.artisanscreateurs.com\/en\/wp-json\/wp\/v2\/product_cat?post=8562"},{"taxonomy":"product_tag","embeddable":true,"href":"https:\/\/collection.artisanscreateurs.com\/en\/wp-json\/wp\/v2\/product_tag?post=8562"}],"curies":[{"name":"wp","href":"https:\/\/api.w.org\/{rel}","templated":true}]}}