{"id":8550,"date":"2018-06-16T13:24:23","date_gmt":"2018-06-16T11:24:23","guid":{"rendered":"http:\/\/new.artisanscreateurs.com\/?post_type=product&#038;p=8550"},"modified":"2024-06-09T20:57:27","modified_gmt":"2024-06-09T18:57:27","slug":"miroir-design-izar-petit-modele-laiton-brosse-noir-cuivre","status":"publish","type":"product","link":"https:\/\/collection.artisanscreateurs.com\/en\/produit\/miroir-design-izar-petit-modele-laiton-brosse-noir-cuivre\/","title":{"rendered":"MIROIR IZAR Petit Mod\u00e8le"},"content":{"rendered":"<p>Poids du miroir : 2.5 kg<br \/>\nLes dimensions : hauteur 43 cm x largeur 30.5 cm<br \/>\nLargeur du cadre : 1 cm<br \/>\nEpaisseur du cadre : 1.2 cm<br \/>\nMat\u00e9riaux : Laiton<\/p>\n","protected":false},"excerpt":{"rendered":"<p>Le miroir Izar est fabriqu\u00e9 en laiton et il est fa\u00e7onn\u00e9 enti\u00e8rement \u00e0 la main dans l\u2019atelier de ferronnerie de Bruce Cecere.<br \/>\nLors de la fabrication des miroirs Izar, Bruce Cecere chauffe le laiton, il le guide, une force s\u2019exerce entre lui et la mati\u00e8re et un \u00e9quilibre se cr\u00e9e.<br \/>\nBruce Cecere est agile de ses mains. Sous l\u2019effet de la chaleur il sait comment le laiton va se comporter. Sa ma\u00eetrise du mat\u00e9riau lui permet d\u2019accompagner ce dernier pour obtenir les courbes et les formes du miroir Izar.<br \/>\nAvec son design retro et ses formes arrondies, le miroir Izar apportera un caract\u00e8re unique \u00e0 votre int\u00e9rieur et ajoutera une touche personnelle et sophistiqu\u00e9e \u00e0 votre d\u00e9coration.<br \/>\nIzar Petit Mod\u00e8le est disponible dans 3 tailles et 3 couleurs.<\/p>\n<p>Nos miroirs \u00e9tant fabriqu\u00e9s \u00e0 la commande, le d\u00e9lai de livraison est compris entre 4 et 6 semaines.<\/p>\n","protected":false},"featured_media":8489,"template":"","meta":[],"product_cat":[107,113],"product_tag":[111],"_links":{"self":[{"href":"https:\/\/collection.artisanscreateurs.com\/en\/wp-json\/wp\/v2\/product\/8550"}],"collection":[{"href":"https:\/\/collection.artisanscreateurs.com\/en\/wp-json\/wp\/v2\/product"}],"about":[{"href":"https:\/\/collection.artisanscreateurs.com\/en\/wp-json\/wp\/v2\/types\/product"}],"wp:featuredmedia":[{"embeddable":true,"href":"https:\/\/collection.artisanscreateurs.com\/en\/wp-json\/wp\/v2\/media\/8489"}],"wp:attachment":[{"href":"https:\/\/collection.artisanscreateurs.com\/en\/wp-json\/wp\/v2\/media?parent=8550"}],"wp:term":[{"taxonomy":"product_cat","embeddable":true,"href":"https:\/\/collection.artisanscreateurs.com\/en\/wp-json\/wp\/v2\/product_cat?post=8550"},{"taxonomy":"product_tag","embeddable":true,"href":"https:\/\/collection.artisanscreateurs.com\/en\/wp-json\/wp\/v2\/product_tag?post=8550"}],"curies":[{"name":"wp","href":"https:\/\/api.w.org\/{rel}","templated":true}]}}