{"id":872,"date":"2017-07-11T10:42:11","date_gmt":"2017-07-11T10:42:11","guid":{"rendered":"http:\/\/coyote.edge-themes.com\/?page_id=872"},"modified":"2023-11-02T11:27:46","modified_gmt":"2023-11-02T10:27:46","slug":"artiste-artisan-artisanat-savoir-faire-talent-metier-art-tradition","status":"publish","type":"page","link":"https:\/\/collection.artisanscreateurs.com\/en\/artiste-artisan-artisanat-savoir-faire-talent-metier-art-tradition\/","title":{"rendered":"Artistes"},"content":{"rendered":"<section class=\"wpb-content-wrapper\"><p>[vc_row content_width=&#8221;grid&#8221; back_to_top_skin=&#8221;default&#8221; css=&#8221;.vc_custom_1500539824265{padding-top: 100px !important;}&#8221;][vc_column width=&#8221;1\/3&#8243;]\n<div class=\"edgtf-team main-info-below-image\">\n\t<div class=\"edgtf-team-inner\">\n\t\t\t\t\t<div class=\"edgtf-team-image\">\n                <img loading=\"lazy\" decoding=\"async\" width=\"512\" height=\"512\" src=\"https:\/\/collection.artisanscreateurs.com\/wp-content\/uploads\/2017\/07\/Masaki-Okumura-photographe-artisans-createurs-1.jpg\" class=\"attachment-full size-full\" alt=\"\" srcset=\"https:\/\/collection.artisanscreateurs.com\/wp-content\/uploads\/2017\/07\/Masaki-Okumura-photographe-artisans-createurs-1.jpg 512w, https:\/\/collection.artisanscreateurs.com\/wp-content\/uploads\/2017\/07\/Masaki-Okumura-photographe-artisans-createurs-1-300x300.jpg 300w, https:\/\/collection.artisanscreateurs.com\/wp-content\/uploads\/2017\/07\/Masaki-Okumura-photographe-artisans-createurs-1-100x100.jpg 100w, https:\/\/collection.artisanscreateurs.com\/wp-content\/uploads\/2017\/07\/Masaki-Okumura-photographe-artisans-createurs-1-150x150.jpg 150w\" sizes=\"(max-width: 512px) 100vw, 512px\" \/>\t\t\t<\/div>\n\t\t\n\t\t\t\t\t<div class=\"edgtf-separator-holder clearfix edgtf-separator-left\">\n\t\t\t\t<div class=\"edgtf-separator\"><\/div>\n\t\t\t<\/div>\n\t\t\t<div class=\"edgtf-team-info\">\n\t\t\t\t\t\t\t\t\t<div class=\"edgtf-team-title-holder normal_social\">\n\t\t\t\t\t\t\t\t\t\t\t\t\t<h5 class=\"edgtf-team-name\">\n\t\t\t\t\t\t\t\tMASAKI OKUMURA\t\t\t\t\t\t\t<\/h5>\n\t\t\t\t\t\t\t\t\t\t\t\t\t\t\t\t\t<\/div>\n\t\t\t\t\n\t\t\t\t\t\t\t\t\t<div class='edgtf-team-text'>\n\t\t\t\t\t\t<div class='edgtf-team-text-inner'>\n\t\t\t\t\t\t\t<div class='edgtf-team-description'>\n\t\t\t\t\t\t\t\t<p>Masaki Okumura est un photographe passionn\u00e9 par le Design et la cr\u00e9ation. Nourri par une double culture franco-japonaise, il s&#039;initie tr\u00e8s rapidement \u00e0 la photographie en parall\u00e8le de ses \u00e9tudes.<\/p>\n\t\t\t\t\t\t\t<\/div>\n\t\t\t\t\t\t<\/div>\n\t\t\t\t\t<\/div>\n\t\t\t\t\n\t\t<div class=\"edgtf-team-social-holder-between\">\n\t\t\t<div class=\"edgtf-team-social normal_social\">\n\t\t\t\t<div class=\"edgtf-team-social-inner\">\n\t\t\t\t\t<div class=\"edgtf-team-social-wrapp\">\n\n\t\t\t\t\t\t\n\t\t\t\t\t<\/div>\n\t\t\t\t<\/div>\n\t\t\t<\/div>\n\t\t<\/div>\n\n\t\t<\/div>\n\t<\/div>\n<\/div><a href=\"\/portfolio-item\/photographe-photo-atmosphere-ambiance-portrait-nature-morte\/\" target=\"_self\"  class=\"edgtf-btn edgtf-btn-medium edgtf-btn-solid\"  >\n\t\t\t<span class=\"edgtf-btn-text\" >DECOUVRIR<\/span>\n\t\t<\/a>\n[vc_empty_space height=&#8221;70px&#8221;][\/vc_column][vc_column width=&#8221;1\/3&#8243;]\n<div class=\"edgtf-team main-info-below-image\">\n\t<div class=\"edgtf-team-inner\">\n\t\t\t\t\t<div class=\"edgtf-team-image\">\n                <img loading=\"lazy\" decoding=\"async\" width=\"512\" height=\"512\" src=\"https:\/\/collection.artisanscreateurs.com\/wp-content\/uploads\/2017\/07\/Bruce-Cecere-ferronnier-dart-artisans-createurs.jpg\" class=\"attachment-full size-full\" alt=\"Bruce-Cecere-ferronnier-d&#039;art-artisans-createurs\" srcset=\"https:\/\/collection.artisanscreateurs.com\/wp-content\/uploads\/2017\/07\/Bruce-Cecere-ferronnier-dart-artisans-createurs.jpg 512w, https:\/\/collection.artisanscreateurs.com\/wp-content\/uploads\/2017\/07\/Bruce-Cecere-ferronnier-dart-artisans-createurs-300x300.jpg 300w, https:\/\/collection.artisanscreateurs.com\/wp-content\/uploads\/2017\/07\/Bruce-Cecere-ferronnier-dart-artisans-createurs-100x100.jpg 100w, https:\/\/collection.artisanscreateurs.com\/wp-content\/uploads\/2017\/07\/Bruce-Cecere-ferronnier-dart-artisans-createurs-150x150.jpg 150w\" sizes=\"(max-width: 512px) 100vw, 512px\" \/>\t\t\t<\/div>\n\t\t\n\t\t\t\t\t<div class=\"edgtf-separator-holder clearfix edgtf-separator-left\">\n\t\t\t\t<div class=\"edgtf-separator\"><\/div>\n\t\t\t<\/div>\n\t\t\t<div class=\"edgtf-team-info\">\n\t\t\t\t\t\t\t\t\t<div class=\"edgtf-team-title-holder normal_social\">\n\t\t\t\t\t\t\t\t\t\t\t\t\t<h5 class=\"edgtf-team-name\">\n\t\t\t\t\t\t\t\tBRUCE CECERE\t\t\t\t\t\t\t<\/h5>\n\t\t\t\t\t\t\t\t\t\t\t\t\t\t\t\t\t<\/div>\n\t\t\t\t\n\t\t\t\t\t\t\t\t\t<div class='edgtf-team-text'>\n\t\t\t\t\t\t<div class='edgtf-team-text-inner'>\n\t\t\t\t\t\t\t<div class='edgtf-team-description'>\n\t\t\t\t\t\t\t\t<p>Bruce Cecere, ferronnier d&#039;Art, sait rendre le m\u00e9tal vivant. Ses savoir-faire m\u00ealent la l\u00e9g\u00e8ret\u00e9 du fa\u00e7onnage, \u00e0 une approche plus brute autour du travail de la forge.<\/p>\n\t\t\t\t\t\t\t<\/div>\n\t\t\t\t\t\t<\/div>\n\t\t\t\t\t<\/div>\n\t\t\t\t\n\t\t<div class=\"edgtf-team-social-holder-between\">\n\t\t\t<div class=\"edgtf-team-social normal_social\">\n\t\t\t\t<div class=\"edgtf-team-social-inner\">\n\t\t\t\t\t<div class=\"edgtf-team-social-wrapp\">\n\n\t\t\t\t\t\t\n\t\t\t\t\t<\/div>\n\t\t\t\t<\/div>\n\t\t\t<\/div>\n\t\t<\/div>\n\n\t\t<\/div>\n\t<\/div>\n<\/div><a href=\"\/portfolio-item\/artiste-ferronnier-art-passion-savoir-faire-acier-metal-2\/\" target=\"_self\"  class=\"edgtf-btn edgtf-btn-medium edgtf-btn-solid\"  >\n\t\t\t<span class=\"edgtf-btn-text\" >DECOUVRIR<\/span>\n\t\t<\/a>\n[vc_empty_space height=&#8221;70px&#8221;][\/vc_column][vc_column width=&#8221;1\/3&#8243;]\n<div class=\"edgtf-team main-info-below-image\">\n\t<div class=\"edgtf-team-inner\">\n\t\t\t\t\t<div class=\"edgtf-team-image\">\n                <img loading=\"lazy\" decoding=\"async\" width=\"512\" height=\"512\" src=\"https:\/\/collection.artisanscreateurs.com\/wp-content\/uploads\/2017\/07\/Fran\u00e7ois-Desplanches-vannier-osi\u00e9riculteur-artisans-createurs.jpg\" class=\"attachment-full size-full\" alt=\"Fran\u00e7ois-Desplanches-vannier-osi\u00e9riculteur-artisans-createurs\" srcset=\"https:\/\/collection.artisanscreateurs.com\/wp-content\/uploads\/2017\/07\/Fran\u00e7ois-Desplanches-vannier-osi\u00e9riculteur-artisans-createurs.jpg 512w, https:\/\/collection.artisanscreateurs.com\/wp-content\/uploads\/2017\/07\/Fran\u00e7ois-Desplanches-vannier-osi\u00e9riculteur-artisans-createurs-300x300.jpg 300w, https:\/\/collection.artisanscreateurs.com\/wp-content\/uploads\/2017\/07\/Fran\u00e7ois-Desplanches-vannier-osi\u00e9riculteur-artisans-createurs-100x100.jpg 100w, https:\/\/collection.artisanscreateurs.com\/wp-content\/uploads\/2017\/07\/Fran\u00e7ois-Desplanches-vannier-osi\u00e9riculteur-artisans-createurs-150x150.jpg 150w\" sizes=\"(max-width: 512px) 100vw, 512px\" \/>\t\t\t<\/div>\n\t\t\n\t\t\t\t\t<div class=\"edgtf-separator-holder clearfix edgtf-separator-left\">\n\t\t\t\t<div class=\"edgtf-separator\"><\/div>\n\t\t\t<\/div>\n\t\t\t<div class=\"edgtf-team-info\">\n\t\t\t\t\t\t\t\t\t<div class=\"edgtf-team-title-holder normal_social\">\n\t\t\t\t\t\t\t\t\t\t\t\t\t<h5 class=\"edgtf-team-name\">\n\t\t\t\t\t\t\t\tFRANCOIS DESPLANCHES\t\t\t\t\t\t\t<\/h5>\n\t\t\t\t\t\t\t\t\t\t\t\t\t\t\t\t\t<\/div>\n\t\t\t\t\n\t\t\t\t\t\t\t\t\t<div class='edgtf-team-text'>\n\t\t\t\t\t\t<div class='edgtf-team-text-inner'>\n\t\t\t\t\t\t\t<div class='edgtf-team-description'>\n\t\t\t\t\t\t\t\t<p>C&#039;est en 1999, apr\u00e8s qu&#039;une temp\u00eate a ravag\u00e9 l&#039;ouest de la France, et mis \u00e0 terre des quantit\u00e9s innombrables de bois bris\u00e9, que Fran\u00e7ois Desplanches a commenc\u00e9 \u00e0 s&#039;initier \u00e0 la vannerie.<\/p>\n\t\t\t\t\t\t\t<\/div>\n\t\t\t\t\t\t<\/div>\n\t\t\t\t\t<\/div>\n\t\t\t\t\n\t\t<div class=\"edgtf-team-social-holder-between\">\n\t\t\t<div class=\"edgtf-team-social normal_social\">\n\t\t\t\t<div class=\"edgtf-team-social-inner\">\n\t\t\t\t\t<div class=\"edgtf-team-social-wrapp\">\n\n\t\t\t\t\t\t\n\t\t\t\t\t<\/div>\n\t\t\t\t<\/div>\n\t\t\t<\/div>\n\t\t<\/div>\n\n\t\t<\/div>\n\t<\/div>\n<\/div><a href=\"\/portfolio-item\/artiste-vannier-osiericulteur-osier-fibre-naturelle-passion-savoir-faire\/\" target=\"_self\"  class=\"edgtf-btn edgtf-btn-medium edgtf-btn-solid\"  >\n\t\t\t<span class=\"edgtf-btn-text\" >DECOUVRIR<\/span>\n\t\t<\/a>\n[vc_empty_space height=&#8221;70px&#8221;][\/vc_column][\/vc_row][vc_row content_width=&#8221;grid&#8221; back_to_top_skin=&#8221;default&#8221; css=&#8221;.vc_custom_1500539830577{padding-bottom: 20px !important;}&#8221;][vc_column width=&#8221;1\/3&#8243;][\/vc_column][\/vc_row][vc_row back_to_top_skin=&#8221;default&#8221;][vc_column][\/vc_column][\/vc_row]<\/p>\n<\/section>","protected":false},"excerpt":{"rendered":"<p>[vc_row content_width=&#8221;grid&#8221; back_to_top_skin=&#8221;default&#8221; css=&#8221;.vc_custom_1500539824265{padding-top: 100px !important;}&#8221;][vc_column width=&#8221;1\/3&#8243;][vc_empty_space height=&#8221;70px&#8221;][\/vc_column][vc_column width=&#8221;1\/3&#8243;][vc_empty_space height=&#8221;70px&#8221;][\/vc_column][vc_column width=&#8221;1\/3&#8243;][vc_empty_space height=&#8221;70px&#8221;][\/vc_column][\/vc_row][vc_row content_width=&#8221;grid&#8221; back_to_top_skin=&#8221;default&#8221; css=&#8221;.vc_custom_1500539830577{padding-bottom: 20px !important;}&#8221;][vc_column width=&#8221;1\/3&#8243;][\/vc_column][\/vc_row][vc_row back_to_top_skin=&#8221;default&#8221;][vc_column][\/vc_column][\/vc_row]<\/p>\n","protected":false},"author":3,"featured_media":0,"parent":0,"menu_order":0,"comment_status":"closed","ping_status":"closed","template":"full-width.php","meta":{"footnotes":""},"_links":{"self":[{"href":"https:\/\/collection.artisanscreateurs.com\/en\/wp-json\/wp\/v2\/pages\/872"}],"collection":[{"href":"https:\/\/collection.artisanscreateurs.com\/en\/wp-json\/wp\/v2\/pages"}],"about":[{"href":"https:\/\/collection.artisanscreateurs.com\/en\/wp-json\/wp\/v2\/types\/page"}],"author":[{"embeddable":true,"href":"https:\/\/collection.artisanscreateurs.com\/en\/wp-json\/wp\/v2\/users\/3"}],"replies":[{"embeddable":true,"href":"https:\/\/collection.artisanscreateurs.com\/en\/wp-json\/wp\/v2\/comments?post=872"}],"version-history":[{"count":33,"href":"https:\/\/collection.artisanscreateurs.com\/en\/wp-json\/wp\/v2\/pages\/872\/revisions"}],"predecessor-version":[{"id":9881,"href":"https:\/\/collection.artisanscreateurs.com\/en\/wp-json\/wp\/v2\/pages\/872\/revisions\/9881"}],"wp:attachment":[{"href":"https:\/\/collection.artisanscreateurs.com\/en\/wp-json\/wp\/v2\/media?parent=872"}],"curies":[{"name":"wp","href":"https:\/\/api.w.org\/{rel}","templated":true}]}}