{"id":8445,"date":"2018-04-05T13:12:49","date_gmt":"2018-04-05T11:12:49","guid":{"rendered":"http:\/\/new.artisanscreateurs.com\/?page_id=8445"},"modified":"2021-06-11T14:55:44","modified_gmt":"2021-06-11T12:55:44","slug":"donnees-personnelles","status":"publish","type":"page","link":"https:\/\/collection.artisanscreateurs.com\/en\/donnees-personnelles\/","title":{"rendered":"Donn\u00e9es personnelles"},"content":{"rendered":"<p><strong>INFORMATIONS PERSONNELLES \u2013 CONFIDENTIALITE<\/strong><\/p>\n<p>Afin de b\u00e9n\u00e9ficier du service de vente propos\u00e9 par le Site, le Client accepte de cr\u00e9er un compte-client et de fournir \u00e0 ARTISANS CREATEURS des informations personnelles d&#8217;identification qui sont r\u00e9elles, exactes, et \u00e0 jour au moment de leur saisie dans le formulaire d&#8217;inscription, notamment concernant l&#8217;adresse de livraison.<\/p>\n<p>Apr\u00e8s avoir cr\u00e9\u00e9 un compte sur ARTISANS CREATEURS, le Client re\u00e7oit un mail contenant ses codes d\u2019acc\u00e8s.<\/p>\n<p>La cr\u00e9ation de ce compte permettra au Client de se connecter \u00e0 son espace personnel via un identifiant et un mot de passe afin de proc\u00e9der \u00e0 la commande<\/p>\n<p>Le compte permet ensuite au Client de suivre l\u2019avancement de sa commande et de t\u00e9l\u00e9charger sa facture en cliquant sur \u00ab Historique de commande \u00bb dans la rubrique \u00ab Mon compte \u00bb.<\/p>\n<p>Le Client pourra le cas \u00e9ch\u00e9ant, et en cas de besoin, rentrer en contact avec ARTISANS CREATEURS via un syst\u00e8me de messagerie int\u00e9gr\u00e9 au compte.<\/p>\n<p>Le Client est inform\u00e9 que les informations personnelles qu&#8217;il communique lors de la cr\u00e9ation de son compte font l&#8217;objet d&#8217;un traitement en conformit\u00e9 avec la Politique de Confidentialit\u00e9 de ARTISANS CREATEURS.<br \/>\nLe Client peut prendre connaissance de la Politique de confidentialit\u00e9 adopt\u00e9e par ARTISANS CREATEURS en cliquant sur l\u2019onglet \u00ab Donn\u00e9es Personnelles \u00bb de la page d\u2019accueil du Site.<\/p>\n<p>Les donn\u00e9es personnelles, communiqu\u00e9es \u00e0 Artisans Cr\u00e9ateurs par le Client collect\u00e9es dans le cadre de l\u2019utilisation du Site , ont pour objectif d&#8217;assurer le bon traitement des commandes, la gestion des relations commerciales et des factures, l\u2019am\u00e9lioration de la qualit\u00e9 des Produits et prestations propos\u00e9s, la meilleure r\u00e9ponse aux attentes du Client, d&#8217;\u00e9tablir des statistiques commerciales et\/ou de lui permettre de b\u00e9n\u00e9ficier des offres ARTISANS CREATEURS, de ses filiales et\/ou de ses partenaires commerciaux qui pourront acc\u00e9der aux informations qui le concernent dans ce cadre .<\/p>\n<p>En utilisant le site internet www.artisanscreateurs.www, le Client consent \u00e0 la collecte de ses donn\u00e9es par ARTISANS CREATEURS et\/ou par des tiers. A ce titre, le Client est inform\u00e9 que ses visites sur le Site sont r\u00e9pertori\u00e9es via le service d\u2019audience des sites internet \u00ab Google Analytics \u00bb afin d\u2019\u00e9tablir des statistiques sur la fr\u00e9quentation du Site (nombre de visites sur le Site, nombre de pages visit\u00e9es, taux de rebond, temps moyen pass\u00e9 sur le Site, pays et ville du visiteur, la provenance ou non du visiteur d\u2019un moteur de recherche, la provenance ou non du visiteur d\u2019un t\u00e9l\u00e9phone mobile). Pour autant, les adresses IP des visiteurs du Site demeurent anonyme, alors que les adresses IP des Clients font l\u2019objet d\u2019une collecte pour des raisons de s\u00e9curit\u00e9.<\/p>\n<p>Conform\u00e9ment aux dispositions de la Loi \u00ab Informatique et libert\u00e9s \u00bb du 6 janvier 1978, le fichier-clients utilis\u00e9 par ARTISANS CREATEURS a fait l\u2019objet d\u2019une d\u00e9claration simplifi\u00e9e NS 48 \u00e0 la CNIL.<\/p>\n<p>Conform\u00e9ment aux dispositions de la Loi \u00ab Informatique et libert\u00e9s \u00bb du 6 janvier 1978, le Client dispose d&#8217;un droit d&#8217;acc\u00e8s, de rectification et d\u2019opposition sur les donn\u00e9es personnelles qui le concernent qu\u2019il peut exercer en envoyant un e-mail \u00e0 contact@artisanscreateurs.com.<\/p>\n<p>Le Client reconna\u00eet express\u00e9ment assurer la confidentialit\u00e9 de ses identifiant et mot de passe et se trouver engag\u00e9 par toute commande effectu\u00e9e sur le Site au moyen de ces derniers sur son compte-client. Il s&#8217;engage \u00e9galement \u00e0 informer imm\u00e9diatement ARTISANS CREATEURS dans le cas o\u00f9 il aurait connaissance de l&#8217;usurpation de ses identifiant et mot de passe.<\/p>\n<p>En cons\u00e9quence, ARTISANS CREATEURS d\u00e9cline toute responsabilit\u00e9 en cas de commande pass\u00e9e pour le compte d&#8217;un Client via son compte-client si celui-ci n&#8217;avait pas pr\u00e9alablement notifi\u00e9 par \u00e9crit l&#8217;usurpation de ses identifiant et mot de passe.<\/p>\n","protected":false},"excerpt":{"rendered":"<p>INFORMATIONS PERSONNELLES \u2013 CONFIDENTIALITE Afin de b\u00e9n\u00e9ficier du service de vente propos\u00e9 par le Site, le Client accepte de cr\u00e9er un compte-client et de fournir \u00e0 ARTISANS CREATEURS des informations personnelles d&#8217;identification qui sont r\u00e9elles, exactes, et \u00e0 jour au moment de leur saisie dans&#8230;<\/p>\n","protected":false},"author":3,"featured_media":0,"parent":0,"menu_order":0,"comment_status":"closed","ping_status":"closed","template":"","meta":{"footnotes":""},"_links":{"self":[{"href":"https:\/\/collection.artisanscreateurs.com\/en\/wp-json\/wp\/v2\/pages\/8445"}],"collection":[{"href":"https:\/\/collection.artisanscreateurs.com\/en\/wp-json\/wp\/v2\/pages"}],"about":[{"href":"https:\/\/collection.artisanscreateurs.com\/en\/wp-json\/wp\/v2\/types\/page"}],"author":[{"embeddable":true,"href":"https:\/\/collection.artisanscreateurs.com\/en\/wp-json\/wp\/v2\/users\/3"}],"replies":[{"embeddable":true,"href":"https:\/\/collection.artisanscreateurs.com\/en\/wp-json\/wp\/v2\/comments?post=8445"}],"version-history":[{"count":3,"href":"https:\/\/collection.artisanscreateurs.com\/en\/wp-json\/wp\/v2\/pages\/8445\/revisions"}],"predecessor-version":[{"id":9424,"href":"https:\/\/collection.artisanscreateurs.com\/en\/wp-json\/wp\/v2\/pages\/8445\/revisions\/9424"}],"wp:attachment":[{"href":"https:\/\/collection.artisanscreateurs.com\/en\/wp-json\/wp\/v2\/media?parent=8445"}],"curies":[{"name":"wp","href":"https:\/\/api.w.org\/{rel}","templated":true}]}}