{"id":8443,"date":"2018-04-05T13:12:12","date_gmt":"2018-04-05T11:12:12","guid":{"rendered":"http:\/\/new.artisanscreateurs.com\/?page_id=8443"},"modified":"2022-11-21T15:10:19","modified_gmt":"2022-11-21T14:10:19","slug":"mentions-legales","status":"publish","type":"page","link":"https:\/\/collection.artisanscreateurs.com\/en\/mentions-legales\/","title":{"rendered":"Mentions L\u00e9gales"},"content":{"rendered":"<p>Le site www.artisanscreateurs.com (le \u00ab Site \u00bb) est \u00e9dit\u00e9 par la soci\u00e9t\u00e9 AGNES LEROY DECORATION (nom commercial : ARTISANS CREATEURS), soci\u00e9t\u00e9 \u00e0 responsabilit\u00e9 limit\u00e9e unipersonnelle au capital de 5 000 euros, immatricul\u00e9e au Registre du commerce et des soci\u00e9t\u00e9s de Nanterre sous le num\u00e9ro 751 054 545, dont le si\u00e8ge social est situ\u00e9 18 BIS boulevard du G\u00e9n\u00e9ral de Gaulle, 92500 Rueil Malmaison (France), SIREN : 751054545, CODE NAF : 4791B, TVA intracommunautaire : FR20751054545.<br \/>\nCourriel : agnes.leroy@artisanscreateurs.com<\/p>\n<p>Le Directeur de la publication est Madame Agn\u00e8s LEROY en sa qualit\u00e9 de G\u00e9rant.<\/p>\n<p>Le Site est h\u00e9berg\u00e9 par la soci\u00e9t\u00e9 1&amp;1 Internet SARL, dont le si\u00e8ge social est situ\u00e9 7, place de la Gare, BP 70109, 57201 Sarreguemines Cedex.<\/p>\n","protected":false},"excerpt":{"rendered":"<p>Le site www.artisanscreateurs.com (le \u00ab Site \u00bb) est \u00e9dit\u00e9 par la soci\u00e9t\u00e9 AGNES LEROY DECORATION (nom commercial : ARTISANS CREATEURS), soci\u00e9t\u00e9 \u00e0 responsabilit\u00e9 limit\u00e9e unipersonnelle au capital de 5 000 euros, immatricul\u00e9e au Registre du commerce et des soci\u00e9t\u00e9s de Nanterre sous le num\u00e9ro 751&#8230;<\/p>\n","protected":false},"author":3,"featured_media":0,"parent":0,"menu_order":0,"comment_status":"closed","ping_status":"closed","template":"","meta":{"footnotes":""},"_links":{"self":[{"href":"https:\/\/collection.artisanscreateurs.com\/en\/wp-json\/wp\/v2\/pages\/8443"}],"collection":[{"href":"https:\/\/collection.artisanscreateurs.com\/en\/wp-json\/wp\/v2\/pages"}],"about":[{"href":"https:\/\/collection.artisanscreateurs.com\/en\/wp-json\/wp\/v2\/types\/page"}],"author":[{"embeddable":true,"href":"https:\/\/collection.artisanscreateurs.com\/en\/wp-json\/wp\/v2\/users\/3"}],"replies":[{"embeddable":true,"href":"https:\/\/collection.artisanscreateurs.com\/en\/wp-json\/wp\/v2\/comments?post=8443"}],"version-history":[{"count":3,"href":"https:\/\/collection.artisanscreateurs.com\/en\/wp-json\/wp\/v2\/pages\/8443\/revisions"}],"predecessor-version":[{"id":9824,"href":"https:\/\/collection.artisanscreateurs.com\/en\/wp-json\/wp\/v2\/pages\/8443\/revisions\/9824"}],"wp:attachment":[{"href":"https:\/\/collection.artisanscreateurs.com\/en\/wp-json\/wp\/v2\/media?parent=8443"}],"curies":[{"name":"wp","href":"https:\/\/api.w.org\/{rel}","templated":true}]}}