{"id":8439,"date":"2018-04-05T13:08:07","date_gmt":"2018-04-05T11:08:07","guid":{"rendered":"http:\/\/new.artisanscreateurs.com\/?page_id=8439"},"modified":"2021-06-11T14:56:43","modified_gmt":"2021-06-11T12:56:43","slug":"livraison-retour","status":"publish","type":"page","link":"https:\/\/collection.artisanscreateurs.com\/en\/livraison-retour\/","title":{"rendered":"Livraison \/ Retour"},"content":{"rendered":"<p>LIVRAISON<\/p>\n<p>La livraison s\u2019entend du transfert au Client de la possession physique ou du contr\u00f4le du bien.<\/p>\n<p><strong>1. Lieu de livraison<\/strong><\/p>\n<p>ARTISANS CREATEURS assure la livraison en France m\u00e9tropolitaine uniquement.<\/p>\n<p>Le Client dispose donc de la facult\u00e9 de faire livrer les Produits aupr\u00e8s d&#8217;une personne physique de son choix dont le domicile est situ\u00e9 en France m\u00e9tropolitaine.<\/p>\n<p>Le Client peut indiquer une adresse de livraison diff\u00e9rente de l\u2019adresse de facturation.<br \/>\nLa livraison des Produits se fait dans les lieux d\u00e9sign\u00e9s par le Client en France m\u00e9tropolitaine sous r\u00e9serve d\u2019accessibilit\u00e9.<br \/>\nA ce titre, il appartient au Client de s&#8217;assurer des possibilit\u00e9s et moyens d&#8217;acc\u00e8s permettant la livraison \u00e0 l&#8217;adresse mentionn\u00e9e.<\/p>\n<p><strong>2. D\u00e9lai de livraison<\/strong><\/p>\n<p>Compte tenu des d\u00e9lais inh\u00e9rents \u00e0 la fabrication des Produits par les artisans (allong\u00e9s le cas \u00e9ch\u00e9ant si le bien est personnalis\u00e9 selon les sp\u00e9cifications du Client) le d\u00e9lai de livraison sera communiqu\u00e9 au Client au cours de la proc\u00e9dure de passation de la Commande, pr\u00e9alablement \u00e0 la Confirmation de la Commande et avant le paiement.<\/p>\n<p>Si une Commande contient des Produits livrables \u00e0 des dates diff\u00e9rentes, le Client pourra recevoir s\u00e9par\u00e9ment ses Produits selon les dates annonc\u00e9es sur chaque fiche.<\/p>\n<p>En cas de retard de livraison, le Client pourra annuler la vente dans les conditions pr\u00e9vues par l&#8217;article L.138-2 du Code de la consommation, et en obtenir le remboursement, \u00e0 condition que ce retard ne lui soit pas imputable, notamment en cas d&#8217;indisponibilit\u00e9 pour recevoir sa livraison ou de retard ou de refus de paiement.<\/p>\n<p>Pour cela, il devra envoyer un courrier avec accus\u00e9 de r\u00e9ception \u00e0 ARTISANS CREATEURS pour l&#8217;enjoindre de proc\u00e9der \u00e0 la livraison dans un d\u00e9lai suppl\u00e9mentaire raisonnable. Dans le cas o\u00f9 ARTISANS CREATEURS serait dans l&#8217;impossibilit\u00e9 de livrer le Produit dans un d\u00e9lai raisonnable, le Client pourra r\u00e9soudre le Contrat en envoyant un nouveau courrier avec accus\u00e9 de r\u00e9ception \u00e0 ARTISANS CREATEURS, qui proc\u00e9dera au remboursement int\u00e9gral dans un d\u00e9lai de 14 jours \u00e0 compter de la r\u00e9ception du courrier d&#8217;annulation. La somme vers\u00e9e au Client est de plein droit major\u00e9e de 10 % si le remboursement intervient au plus tard trente jours au-del\u00e0 de ce terme, de 20 % jusqu&#8217;\u00e0 soixante jours et de 50 % ult\u00e9rieurement.<\/p>\n<p><strong>3. Droit de r\u00e9tractation<\/strong><\/p>\n<p>D\u00e8s lors que sa commande porte sur un Produit non personnalis\u00e9, le Client, conform\u00e9ment aux dispositions l\u00e9gales, dispose d&#8217;un droit de r\u00e9tractation.<\/p>\n<p>En vertu de ce droit, le Client dispose d&#8217;un d\u00e9lai de quatorze (14) jours, \u00e0 compter de la r\u00e9ception du produit par lui-m\u00eame ou un tiers d\u00e9sign\u00e9 par lui, autre que le transporteur, (ou \u00e0 compter de la r\u00e9ception du dernier colis dans le cas o\u00f9 la commande serait compos\u00e9e de plusieurs envois) pour informer ARTISANS CREATEURS de son intention de se r\u00e9tracter sans avoir \u00e0 justifier de motifs ou \u00e0 payer de p\u00e9nalit\u00e9.<\/p>\n<p>Pour ce faire, dans ce d\u00e9lai, le Client devra soit :<\/p>\n<p>\u2022 remplir le formulaire de r\u00e9tractation mis \u00e0 la disposition du Client au moment de l\u2019enregistrement de la commande et l\u2019envoyer \u00e0 l\u2019adresse suivante : ARTISANS CREATEURS &#8211; Agn\u00e8s Leroy &#8211; 18 BIS bd du g\u00e9n\u00e9ral De Gaulle &#8211; 92500 Rueil Malmaison.<br \/>\n\u2022 envoyer un message via son compte-client mentionnant son num\u00e9ro de commande et exprimant sans ambigu\u00eft\u00e9 sa volont\u00e9 de se r\u00e9tracter<\/p>\n<p>A la r\u00e9ception du message du Client, ARTISANS CREATEURS adressera un accus\u00e9 de r\u00e9ception de r\u00e9tractation au Client par courriel (en version PDF).<\/p>\n<p>Par la suite, le Client devra renvoyer les produits, \u00e0 ses frais, \u00e0 ARTISANS CREATEURS \u00e0 l\u2019adresse mentionn\u00e9e sur la facture dans un d\u00e9lai de 14 jours suivant la communication de sa d\u00e9cision de se r\u00e9tracter. Les Produits doivent \u00eatre restitu\u00e9s dans leur emballage d&#8217;origine, en parfait \u00e9tat et complets (avec tous les accessoires \u00e9ventuels, notices d&#8217;emploi et documentations, etc.) et doivent obligatoirement \u00eatre accompagn\u00e9s de la facture d&#8217;achat.<\/p>\n<p>Sous r\u00e9serve du respect des conditions ci-dessus, ARTISANS CREATEURS s&#8217;engage \u00e0 rembourser au Client l&#8217;int\u00e9gralit\u00e9 des sommes vers\u00e9es (\u00e0 l&#8217;exception des frais de renvoi) dans un d\u00e9lai de 14 jours \u00e0 compter de la premi\u00e8re des deux dates suivantes : soit la date de r\u00e9ception des Produits par ARTISANS CREATEURS, soit la date de r\u00e9ception par ARTISANS CREATEURS d&#8217;une preuve d&#8217;envoi des Produits retourn\u00e9s.<\/p>\n<p>ARTISANS CREATEURS s\u2019engage \u00e0 effectuer ce remboursement en utilisant le m\u00eame moyen de paiement que celui utilis\u00e9 par le Client pour la transaction initiale, sauf accord expr\u00e8s du Client pour qu&#8217;il utilise un autre moyen de paiement et dans la mesure o\u00f9 le remboursement n&#8217;occasionne pas de frais pour le Client.<\/p>\n<p><strong>4. R\u00e9clamation et retours<\/strong><\/p>\n<p>Les Produits sont r\u00e9put\u00e9s r\u00e9ceptionn\u00e9s par le Client d\u00e8s leur livraison.<\/p>\n<p>Dans le cas o\u00f9 certains colis seraient manquants ou livr\u00e9s avari\u00e9s ou ab\u00eem\u00e9s : Il appartient au Client, en tant que destinataire des Produits, de faire toutes les constatations n\u00e9cessaires et toutes les r\u00e9serves sur le bordereau de livraison. Il doit ensuite adresser ses r\u00e9serves et r\u00e9clamations \u00e0 ARTISANS CREATEURS par message via le compte Client cr\u00e9\u00e9 pour la Commande et confirmer lesdites r\u00e9serves par lettre recommand\u00e9e avec AR aupr\u00e8s du transporteur et aupr\u00e8s de ARTISANS CREATEURS \u00e0 l&#8217;adresse suivante : 18 BIS bd du g\u00e9n\u00e9ral De Gaulle &#8211; 92 500 Rueil Malmaison au plus tard dans les 3 jours suivants la r\u00e9ception des Produits.<\/p>\n<p>Dans le cas o\u00f9 les produits ne sont pas conformes au r\u00e9capitulatif de la Commande, que ce soit en nature, en quantit\u00e9 ou en qualit\u00e9 :<br \/>\nToute r\u00e9clamation concernant les Produits devra \u00eatre effectu\u00e9e au plus tard dans un d\u00e9lai de quatorze jours (14) \u00e0 compter de leur livraison, et en tout \u00e9tat de cause pr\u00e9alablement \u00e0 leur modification ou leur installation.<\/p>\n<p>Pour signaler cette r\u00e9clamation, le Client est invit\u00e9 \u00e0 contacter ARTISANS CREATEURS via la messagerie int\u00e9gr\u00e9e au compte Client.<\/p>\n<p>Aucun Produit ne pourra \u00eatre retourn\u00e9 par le Client sans l\u2019accord pr\u00e9alable de ARTISANS CREATEURS et, en tout \u00e9tat de cause ce retour sera effectu\u00e9 aux risques du Client, dans les trente (30) jours suivant la date de facture, dans son \u00e9tat et emballage d\u2019origine. Si le Produit est reconnu par ARTISANS CREATEURS non-conforme ou d\u00e9fectueux, le prix dudit Produit, ainsi que le co\u00fbt de sa r\u00e9exp\u00e9dition, seront rembours\u00e9s au Client.<\/p>\n","protected":false},"excerpt":{"rendered":"<p>LIVRAISON La livraison s\u2019entend du transfert au Client de la possession physique ou du contr\u00f4le du bien. 1. Lieu de livraison ARTISANS CREATEURS assure la livraison en France m\u00e9tropolitaine uniquement. Le Client dispose donc de la facult\u00e9 de faire livrer les Produits aupr\u00e8s d&#8217;une personne&#8230;<\/p>\n","protected":false},"author":3,"featured_media":0,"parent":0,"menu_order":0,"comment_status":"closed","ping_status":"closed","template":"","meta":{"footnotes":""},"_links":{"self":[{"href":"https:\/\/collection.artisanscreateurs.com\/en\/wp-json\/wp\/v2\/pages\/8439"}],"collection":[{"href":"https:\/\/collection.artisanscreateurs.com\/en\/wp-json\/wp\/v2\/pages"}],"about":[{"href":"https:\/\/collection.artisanscreateurs.com\/en\/wp-json\/wp\/v2\/types\/page"}],"author":[{"embeddable":true,"href":"https:\/\/collection.artisanscreateurs.com\/en\/wp-json\/wp\/v2\/users\/3"}],"replies":[{"embeddable":true,"href":"https:\/\/collection.artisanscreateurs.com\/en\/wp-json\/wp\/v2\/comments?post=8439"}],"version-history":[{"count":2,"href":"https:\/\/collection.artisanscreateurs.com\/en\/wp-json\/wp\/v2\/pages\/8439\/revisions"}],"predecessor-version":[{"id":9427,"href":"https:\/\/collection.artisanscreateurs.com\/en\/wp-json\/wp\/v2\/pages\/8439\/revisions\/9427"}],"wp:attachment":[{"href":"https:\/\/collection.artisanscreateurs.com\/en\/wp-json\/wp\/v2\/media?parent=8439"}],"curies":[{"name":"wp","href":"https:\/\/api.w.org\/{rel}","templated":true}]}}