{"id":8437,"date":"2018-04-05T13:07:10","date_gmt":"2018-04-05T11:07:10","guid":{"rendered":"http:\/\/new.artisanscreateurs.com\/?page_id=8437"},"modified":"2021-06-11T14:57:35","modified_gmt":"2021-06-11T12:57:35","slug":"paiement","status":"publish","type":"page","link":"https:\/\/collection.artisanscreateurs.com\/en\/paiement\/","title":{"rendered":"Paiement"},"content":{"rendered":"<p>Le Client reconna\u00eet express\u00e9ment que le fait de cliquer sur l\u2019onglet \u00abJe confirme ma commande et m&#8217;engage \u00e0 payer\u00bb l&#8217;engage \u00e0 proc\u00e9der au paiement de sa commande dans son int\u00e9gralit\u00e9.<br \/>\nPour r\u00e9gler sa commande, le Client dispose de la possibilit\u00e9 :<\/p>\n<p>\u2022 soit de payer directement en ligne, par carte bancaire ou par Paypal.<br \/>\n\u2022 soit de proc\u00e9der \u00e0 un paiement par ch\u00e8que.<\/p>\n<p>Dans les deux cas, le Client garantit express\u00e9ment qu&#8217;il dispose de toutes les autorisations requises pour utiliser le moyen de paiement choisi, et autorise la banque mandat\u00e9e par ARTISANS CREATEURS \u00e0 pr\u00e9lever sur le compte concern\u00e9 une somme correspondant au montant total de la commande (incluant les taxes, frais de ports ou frais de transport, le cas \u00e9ch\u00e9ant).<\/p>\n<p>Dans le cadre d&#8217;un paiement en ligne, selon la m\u00e9thode de paiement choisie, le Client sera redirig\u00e9 vers le site s\u00e9curis\u00e9 de la banque Cr\u00e9dit Mutuel ou vers le site de PAYPAL afin de proc\u00e9der au paiement.<\/p>\n<p>Une fois le paiement effectu\u00e9, le montant de la commande sera alors d\u00e9bit\u00e9 int\u00e9gralement et la commande sera valid\u00e9e. Le Client recevra alors, par courriel, un r\u00e9capitulatif de commande indiquant que le paiement a \u00e9t\u00e9 effectu\u00e9.<\/p>\n<p>Dans l&#8217;\u00e9ventualit\u00e9 o\u00f9, quelle que soit la raison, le paiement en ligne serait refus\u00e9, le Client recevra un message et se verra envoyer un r\u00e9capitulatif de commande mentionnant que le paiement reste d\u00fb. Il devra alors suivre le processus d\u00e9crit ci-dessous pour proc\u00e9der au paiement. A d\u00e9faut, la commande sera automatiquement annul\u00e9e.<\/p>\n<p>Dans le cadre d&#8217;un paiement par ch\u00e8que, le Client recevra par courriel un r\u00e9capitulatif de commande mentionnant que le paiement reste d\u00fb. Le Client s&#8217;engage \u00e0 envoyer le ch\u00e8que dans les huit (8) jours suivant la r\u00e9ception du courriel de confirmation, accompagn\u00e9 d&#8217;une copie de sa pi\u00e8ce d&#8217;identit\u00e9 et de la confirmation de commande.<\/p>\n<p>La commande sera trait\u00e9e apr\u00e8s sa Validation.<\/p>\n<p>A d\u00e9faut de r\u00e9ception dudit ch\u00e8que dans un d\u00e9lai de 14 jours \u00e0 compter de la Confirmation de la commande, la commande sera automatiquement annul\u00e9e, ce dont le Client sera averti par courriel.<\/p>\n<p>En aucun cas le Client ne pourra, sous pr\u00e9texte de r\u00e9clamation formul\u00e9e par lui, retenir tout ou partie des sommes dues \u00e0 ARTISANS CREATEURS, ni op\u00e9rer de compensation.<\/p>\n<p>Le paiement des Produits s&#8217;effectue comptant sans escompte.<\/p>\n","protected":false},"excerpt":{"rendered":"<p>Le Client reconna\u00eet express\u00e9ment que le fait de cliquer sur l\u2019onglet \u00abJe confirme ma commande et m&#8217;engage \u00e0 payer\u00bb l&#8217;engage \u00e0 proc\u00e9der au paiement de sa commande dans son int\u00e9gralit\u00e9. Pour r\u00e9gler sa commande, le Client dispose de la possibilit\u00e9 : \u2022 soit de payer&#8230;<\/p>\n","protected":false},"author":3,"featured_media":0,"parent":0,"menu_order":0,"comment_status":"closed","ping_status":"closed","template":"","meta":{"footnotes":""},"_links":{"self":[{"href":"https:\/\/collection.artisanscreateurs.com\/en\/wp-json\/wp\/v2\/pages\/8437"}],"collection":[{"href":"https:\/\/collection.artisanscreateurs.com\/en\/wp-json\/wp\/v2\/pages"}],"about":[{"href":"https:\/\/collection.artisanscreateurs.com\/en\/wp-json\/wp\/v2\/types\/page"}],"author":[{"embeddable":true,"href":"https:\/\/collection.artisanscreateurs.com\/en\/wp-json\/wp\/v2\/users\/3"}],"replies":[{"embeddable":true,"href":"https:\/\/collection.artisanscreateurs.com\/en\/wp-json\/wp\/v2\/comments?post=8437"}],"version-history":[{"count":3,"href":"https:\/\/collection.artisanscreateurs.com\/en\/wp-json\/wp\/v2\/pages\/8437\/revisions"}],"predecessor-version":[{"id":9635,"href":"https:\/\/collection.artisanscreateurs.com\/en\/wp-json\/wp\/v2\/pages\/8437\/revisions\/9635"}],"wp:attachment":[{"href":"https:\/\/collection.artisanscreateurs.com\/en\/wp-json\/wp\/v2\/media?parent=8437"}],"curies":[{"name":"wp","href":"https:\/\/api.w.org\/{rel}","templated":true}]}}