{"id":8435,"date":"2018-04-05T13:05:14","date_gmt":"2018-04-05T11:05:14","guid":{"rendered":"http:\/\/new.artisanscreateurs.com\/?page_id=8435"},"modified":"2021-06-11T14:57:00","modified_gmt":"2021-06-11T12:57:00","slug":"ma-commande","status":"publish","type":"page","link":"https:\/\/collection.artisanscreateurs.com\/en\/ma-commande\/","title":{"rendered":"Ma Commande"},"content":{"rendered":"<p><strong>1. Passation de commande<\/strong><\/p>\n<p>Afin de conclure valablement le Contrat avec ARTISANS CREATEURS, le Client passe commande selon le processus suivant :<\/p>\n<p>\u2022 Le Client ajoute les Produits et Services \u00e0 son panier. Apr\u00e8s avoir v\u00e9rifi\u00e9 le contenu de son panier, le Client s\u2019identifie, soit en cr\u00e9ant un compte-client s&#8217;il s&#8217;agit de sa premi\u00e8re commande, soit en ins\u00e9rant ses identifiant et mot de passe s&#8217;il est d\u00e9j\u00e0 Client du Site ;<br \/>\n\u2022 Le Client peut, le cas \u00e9ch\u00e9ant, adresser un message \u00e0 ARTISANS CREATEURS afin de sp\u00e9cifier des \u00e9l\u00e9ments de personnalisation du Produit ;<br \/>\n\u2022 Le Client indique une adresse de livraison, qui le cas \u00e9ch\u00e9ant peut \u00eatre distincte de l\u2019adresse de facturation ;<br \/>\n\u2022 Le Client choisit son mode de livraison.<br \/>\n\u2022 Le Client est invit\u00e9 \u00e0 lire les Conditions G\u00e9n\u00e9rales de Vente, et, le cas \u00e9ch\u00e9ant, les conditions particuli\u00e8res applicables aux Produits achet\u00e9s. En cochant la case \u00ab J&#8217;ai lu les conditions g\u00e9n\u00e9rales de vente et j&#8217;y adh\u00e8re sans r\u00e9serve \u00bb, le Client reconna\u00eet avoir pris connaissance et accept\u00e9 les Conditions G\u00e9n\u00e9rales de Vente, ainsi que les conditions particuli\u00e8res. A d\u00e9faut de cocher cette case, le Client ne sera pas en mesure de passer de commande.<br \/>\n\u2022 Le Client s\u00e9lectionne son mode de paiement. ARTISANS CREATEURS accepte les paiements par ch\u00e8que, par virement bancaire, et par carte bancaire.<br \/>\n\u2022 Le Client peut visualiser un bref r\u00e9capitulatif de sa commande et confirmer sa commande en cliquant sur l\u2019onglet \u00ab Je confirme ma commande \u00bb. La confirmation de la commande oblige le Client \u00e0 proc\u00e9der \u00e0 son paiement.<br \/>\n\u2022 Le Client proc\u00e8de ensuite au paiement, qui valide d\u00e9finitivement la commande. La validation de la commande (onglet \u00abJe confirme \u00bb) correspond :<br \/>\n&#8211; soit au moment de la confirmation du paiement effectu\u00e9 en ligne par carte bancaire ou Paypal ;<br \/>\n&#8211; soit au moment de la r\u00e9ception par ARTISANS CREATEURS du paiement par ch\u00e8que.<br \/>\n\u2022 ARTISANS CREATEURS proc\u00e8de \u00e0 l\u2019enregistrement de la commande et d\u00e9livre au Client la r\u00e9f\u00e9rence de la commande ;<br \/>\n\u2022 Le Client recevra, \u00e0 l&#8217;adresse \u00e9lectronique qu&#8217;il aura renseign\u00e9e, un courriel r\u00e9capitulant sa commande, accompagn\u00e9 des Conditions G\u00e9n\u00e9rales de Vente au format PDF et du formulaire type de r\u00e9tractation, et qui tiendra lieu de facture.<\/p>\n<p>A d\u00e9faut de contestation dans les 8 jours \u00e0 compter de la r\u00e9ception de ce courriel, les enregistrements de donn\u00e9es effectu\u00e9s par ARTISANS CREATEURS au moment de la confirmation de la commande feront foi.<\/p>\n<p>Enfin, d\u00e8s la Confirmation de la commande par le Client, ladite commande sera enregistr\u00e9e dans l&#8217;historique de son compte-client. En consultant cet historique, le Client aura acc\u00e8s \u00e0 l&#8217;ensemble de ses commandes pass\u00e9es mais aussi aux commandes en cours, dont il sera \u00e0 m\u00eame de suivre le degr\u00e9 d\u2019avancement et pourra notamment entrer en contact avec ARTISANS CREATEURS par le biais du syst\u00e8me de messagerie int\u00e9gr\u00e9 au compte.<\/p>\n<p><strong>2. Modification de la commande<\/strong><\/p>\n<p>Toute modification de la commande devra faire l&#8217;objet d&#8217;un accord \u00e9crit entre les parties. Toute modification entra\u00eenera automatiquement un report de la date de mise \u00e0 disposition ou de livraison initialement pr\u00e9vue.<\/p>\n<p><strong>3. Droit applicable et juridiction comp\u00e9tente<\/strong><\/p>\n<p>Les parties conviennent que la commande et les Conditions G\u00e9n\u00e9rales de Vente sont soumises au droit fran\u00e7ais.<\/p>\n<p>En cas de litige entre ARTISANS CREATEURS et un Client, le Client s&#8217;engage tout d&#8217;abord \u00e0 contacter ARTISANS CREATEURS afin de rechercher une solution amiable. Si, dans un d\u00e9lai de 30 jours \u00e0 compter de la r\u00e9clamation, aucune solution n&#8217;a \u00e9t\u00e9 trouv\u00e9, Le consommateur peut saisir \u00e0 son choix, outre l&#8217;une des juridictions territorialement comp\u00e9tentes en vertu du code de proc\u00e9dure civile, la juridiction du lieu o\u00f9 il demeurait au moment de la conclusion du contrat ou de la survenance du fait dommageable.<\/p>\n","protected":false},"excerpt":{"rendered":"<p>1. Passation de commande Afin de conclure valablement le Contrat avec ARTISANS CREATEURS, le Client passe commande selon le processus suivant : \u2022 Le Client ajoute les Produits et Services \u00e0 son panier. Apr\u00e8s avoir v\u00e9rifi\u00e9 le contenu de son panier, le Client s\u2019identifie, soit&#8230;<\/p>\n","protected":false},"author":3,"featured_media":0,"parent":0,"menu_order":0,"comment_status":"closed","ping_status":"closed","template":"","meta":{"footnotes":""},"_links":{"self":[{"href":"https:\/\/collection.artisanscreateurs.com\/en\/wp-json\/wp\/v2\/pages\/8435"}],"collection":[{"href":"https:\/\/collection.artisanscreateurs.com\/en\/wp-json\/wp\/v2\/pages"}],"about":[{"href":"https:\/\/collection.artisanscreateurs.com\/en\/wp-json\/wp\/v2\/types\/page"}],"author":[{"embeddable":true,"href":"https:\/\/collection.artisanscreateurs.com\/en\/wp-json\/wp\/v2\/users\/3"}],"replies":[{"embeddable":true,"href":"https:\/\/collection.artisanscreateurs.com\/en\/wp-json\/wp\/v2\/comments?post=8435"}],"version-history":[{"count":3,"href":"https:\/\/collection.artisanscreateurs.com\/en\/wp-json\/wp\/v2\/pages\/8435\/revisions"}],"predecessor-version":[{"id":9634,"href":"https:\/\/collection.artisanscreateurs.com\/en\/wp-json\/wp\/v2\/pages\/8435\/revisions\/9634"}],"wp:attachment":[{"href":"https:\/\/collection.artisanscreateurs.com\/en\/wp-json\/wp\/v2\/media?parent=8435"}],"curies":[{"name":"wp","href":"https:\/\/api.w.org\/{rel}","templated":true}]}}